{"id":89,"date":"2020-04-17T14:15:25","date_gmt":"2020-04-17T14:15:25","guid":{"rendered":"http:\/\/solarbikes.at\/?page_id=89"},"modified":"2021-04-07T11:25:46","modified_gmt":"2021-04-07T11:25:46","slug":"impressum","status":"publish","type":"page","link":"https:\/\/solarbikes.at\/en\/impressum\/","title":{"rendered":"Imprint"},"content":{"rendered":"<div data-elementor-type=\"wp-page\" data-elementor-id=\"89\" class=\"elementor elementor-89\" data-elementor-settings=\"{&quot;ha_cmc_init_switcher&quot;:&quot;no&quot;}\">\n\t\t\t\t\t\t<section class=\"elementor-section elementor-top-section elementor-element elementor-element-a8ccaa3 elementor-section-stretched elementor-section-boxed elementor-section-height-default elementor-section-height-default\" data-id=\"a8ccaa3\" data-element_type=\"section\" data-e-type=\"section\" data-settings=\"{&quot;stretch_section&quot;:&quot;section-stretched&quot;,&quot;background_background&quot;:&quot;classic&quot;,&quot;_ha_eqh_enable&quot;:false}\">\n\t\t\t\t\t\t<div class=\"elementor-container elementor-column-gap-default\">\n\t\t\t\t\t<div class=\"elementor-column elementor-col-100 elementor-top-column elementor-element elementor-element-37e1ef7\" data-id=\"37e1ef7\" data-element_type=\"column\" data-e-type=\"column\">\n\t\t\t<div class=\"elementor-widget-wrap elementor-element-populated\">\n\t\t\t\t\t\t<div class=\"elementor-element elementor-element-54d6abe elementor-widget elementor-widget-heading\" data-id=\"54d6abe\" data-element_type=\"widget\" data-e-type=\"widget\" data-widget_type=\"heading.default\">\n\t\t\t\t<div class=\"elementor-widget-container\">\n\t\t\t\t\t<h2 class=\"elementor-heading-title elementor-size-default\">Contact &amp; Imprint<\/h2>\t\t\t\t<\/div>\n\t\t\t\t<\/div>\n\t\t\t\t\t<\/div>\n\t\t<\/div>\n\t\t\t\t\t<\/div>\n\t\t<\/section>\n\t\t\t\t<section class=\"elementor-section elementor-top-section elementor-element elementor-element-cef8529 elementor-section-stretched elementor-section-boxed elementor-section-height-default elementor-section-height-default\" data-id=\"cef8529\" data-element_type=\"section\" data-e-type=\"section\" data-settings=\"{&quot;stretch_section&quot;:&quot;section-stretched&quot;,&quot;background_background&quot;:&quot;classic&quot;,&quot;_ha_eqh_enable&quot;:false}\">\n\t\t\t\t\t\t<div class=\"elementor-container elementor-column-gap-default\">\n\t\t\t\t\t<div class=\"elementor-column elementor-col-100 elementor-top-column elementor-element elementor-element-7199f61\" data-id=\"7199f61\" data-element_type=\"column\" data-e-type=\"column\">\n\t\t\t<div class=\"elementor-widget-wrap elementor-element-populated\">\n\t\t\t\t\t\t<div class=\"elementor-element elementor-element-7bdc779 elementor-widget elementor-widget-text-editor\" data-id=\"7bdc779\" data-element_type=\"widget\" data-e-type=\"widget\" data-widget_type=\"text-editor.default\">\n\t\t\t\t<div class=\"elementor-widget-container\">\n\t\t\t\t\t\t\t\t\t<p>ARGE <br>mov-e-now UG (haftungsbeschr\u00e4nkt) <br>Hilber Solar Infra GmbH<br><br>Leopoldstra\u00dfe 42<br>A-6020 Innsbruck<br>info (@) solarbikes.at<br>+43 681 10339650<\/p>\t\t\t\t\t\t\t\t<\/div>\n\t\t\t\t<\/div>\n\t\t\t\t\t<\/div>\n\t\t<\/div>\n\t\t\t\t\t<\/div>\n\t\t<\/section>\n\t\t\t\t<section class=\"elementor-section elementor-top-section elementor-element elementor-element-3a47ac2 elementor-section-stretched elementor-section-boxed elementor-section-height-default elementor-section-height-default\" data-id=\"3a47ac2\" data-element_type=\"section\" data-e-type=\"section\" data-settings=\"{&quot;stretch_section&quot;:&quot;section-stretched&quot;,&quot;background_background&quot;:&quot;classic&quot;,&quot;_ha_eqh_enable&quot;:false}\">\n\t\t\t\t\t\t<div class=\"elementor-container elementor-column-gap-default\">\n\t\t\t\t\t<div class=\"elementor-column elementor-col-50 elementor-top-column elementor-element elementor-element-8f98509\" data-id=\"8f98509\" data-element_type=\"column\" data-e-type=\"column\">\n\t\t\t<div class=\"elementor-widget-wrap elementor-element-populated\">\n\t\t\t\t\t\t<div class=\"elementor-element elementor-element-5a3cabd elementor-widget elementor-widget-image\" data-id=\"5a3cabd\" data-element_type=\"widget\" data-e-type=\"widget\" data-widget_type=\"image.default\">\n\t\t\t\t<div class=\"elementor-widget-container\">\n\t\t\t\t\t\t\t\t\t\t\t\t\t\t\t\t<a href=\"https:\/\/www.wemovenow.com\/\" target=\"_blank\">\n\t\t\t\t\t\t\t<img decoding=\"async\" data-src=\"https:\/\/solarbikes.at\/wp-content\/uploads\/elementor\/thumbs\/mov-now-logo_solarbikes-oo7f05d7atss5m6h37vo5hni1e4inl6t3ltzhdn668.jpg\" title=\"mov-now-logo_solarbikes\" alt=\"mov-now-logo_solarbikes\" src=\"data:image\/svg+xml;base64,PHN2ZyB3aWR0aD0iMSIgaGVpZ2h0PSIxIiB4bWxucz0iaHR0cDovL3d3dy53My5vcmcvMjAwMC9zdmciPjwvc3ZnPg==\" class=\"lazyload\" style=\"--smush-placeholder-width: 100px; --smush-placeholder-aspect-ratio: 100\/100;\" \/>\t\t\t\t\t\t\t\t<\/a>\n\t\t\t\t\t\t\t\t\t\t\t\t\t\t\t<\/div>\n\t\t\t\t<\/div>\n\t\t\t\t<div class=\"elementor-element elementor-element-f969610 elementor-widget elementor-widget-text-editor\" data-id=\"f969610\" data-element_type=\"widget\" data-e-type=\"widget\" data-widget_type=\"text-editor.default\">\n\t\t\t\t<div class=\"elementor-widget-container\">\n\t\t\t\t\t\t\t\t\t<p>WE MOVE NOW has been implementing visionary green mobility projects for over 4 years.<\/p>\t\t\t\t\t\t\t\t<\/div>\n\t\t\t\t<\/div>\n\t\t\t\t\t<\/div>\n\t\t<\/div>\n\t\t\t\t<div class=\"elementor-column elementor-col-50 elementor-top-column elementor-element elementor-element-af5162a\" data-id=\"af5162a\" data-element_type=\"column\" data-e-type=\"column\">\n\t\t\t<div class=\"elementor-widget-wrap elementor-element-populated\">\n\t\t\t\t\t\t<div class=\"elementor-element elementor-element-2c84c92 elementor-widget elementor-widget-image\" data-id=\"2c84c92\" data-element_type=\"widget\" data-e-type=\"widget\" data-widget_type=\"image.default\">\n\t\t\t\t<div class=\"elementor-widget-container\">\n\t\t\t\t\t\t\t\t\t\t\t\t\t\t\t\t<a href=\"https:\/\/www.hilbersolar.at\/de\" target=\"_blank\">\n\t\t\t\t\t\t\t<img decoding=\"async\" data-src=\"https:\/\/solarbikes.at\/wp-content\/uploads\/elementor\/thumbs\/hilbersolar-oo7eicb9ttf87k1n2is3wzf4wlw6u0hvbgwu6o1o1s.jpg\" title=\"hilbersolar\" alt=\"hilbersolar\" src=\"data:image\/svg+xml;base64,PHN2ZyB3aWR0aD0iMSIgaGVpZ2h0PSIxIiB4bWxucz0iaHR0cDovL3d3dy53My5vcmcvMjAwMC9zdmciPjwvc3ZnPg==\" class=\"lazyload\" style=\"--smush-placeholder-width: 200px; --smush-placeholder-aspect-ratio: 200\/100;\" \/>\t\t\t\t\t\t\t\t<\/a>\n\t\t\t\t\t\t\t\t\t\t\t\t\t\t\t<\/div>\n\t\t\t\t<\/div>\n\t\t\t\t<div class=\"elementor-element elementor-element-8f2b337 elementor-widget elementor-widget-text-editor\" data-id=\"8f2b337\" data-element_type=\"widget\" data-e-type=\"widget\" data-widget_type=\"text-editor.default\">\n\t\t\t\t<div class=\"elementor-widget-container\">\n\t\t\t\t\t\t\t\t\t<p>Hilber Solar has been developing and selling innovative photovoltaic products worldwide for 30 years.<\/p>\t\t\t\t\t\t\t\t<\/div>\n\t\t\t\t<\/div>\n\t\t\t\t\t<\/div>\n\t\t<\/div>\n\t\t\t\t\t<\/div>\n\t\t<\/section>\n\t\t\t\t<\/div>","protected":false},"excerpt":{"rendered":"<p>Kontakt &amp; Impressum ARGE mov-e-now UG (haftungsbeschr\u00e4nkt) Hilber Solar Infra GmbH Leopoldstra\u00dfe 42A-6020 Innsbruckinfo (@) solarbikes.at+43 681 10339650 WE MOVE NOW realisiert seit \u00fcber 4 Jahren vision\u00e4re Projekte gr\u00fcner Mobilit\u00e4t. Hilber Solar entwickelt und vertreibt weltweit seit 30 Jahren innovative Photovoltaik-Produkte.<\/p>","protected":false},"author":1,"featured_media":0,"parent":0,"menu_order":0,"comment_status":"closed","ping_status":"closed","template":"","meta":{"footnotes":""},"class_list":["post-89","page","type-page","status-publish","hentry","entry"],"yoast_head":"<!-- This site is optimized with the Yoast SEO plugin v25.6 - https:\/\/yoast.com\/wordpress\/plugins\/seo\/ -->\n<title>Impressum - SOLARBIKES - E-Bikesharing<\/title>\n<meta name=\"robots\" content=\"index, follow, max-snippet:-1, max-image-preview:large, max-video-preview:-1\" \/>\n<link rel=\"canonical\" href=\"https:\/\/solarbikes.at\/en\/impressum\/\" \/>\n<meta property=\"og:locale\" content=\"en_GB\" \/>\n<meta property=\"og:type\" content=\"article\" \/>\n<meta property=\"og:title\" content=\"Impressum - SOLARBIKES - E-Bikesharing\" \/>\n<meta property=\"og:description\" content=\"Kontakt &amp; Impressum ARGE mov-e-now UG (haftungsbeschr\u00e4nkt) Hilber Solar Infra GmbH Leopoldstra\u00dfe 42A-6020 Innsbruckinfo (@) solarbikes.at+43 681 10339650 WE MOVE NOW realisiert seit \u00fcber 4 Jahren vision\u00e4re Projekte gr\u00fcner Mobilit\u00e4t. Hilber Solar entwickelt und vertreibt weltweit seit 30 Jahren innovative Photovoltaik-Produkte.\" \/>\n<meta property=\"og:url\" content=\"https:\/\/solarbikes.at\/en\/impressum\/\" \/>\n<meta property=\"og:site_name\" content=\"SOLARBIKES - E-Bikesharing\" \/>\n<meta property=\"article:modified_time\" content=\"2021-04-07T11:25:46+00:00\" \/>\n<meta property=\"og:image\" content=\"https:\/\/solarbikes.at\/wp-content\/uploads\/elementor\/thumbs\/mov-now-logo_solarbikes-oo7f05d7atss5m6h37vo5hni1e4inl6t3ltzhdn668.jpg\" \/>\n<meta name=\"twitter:card\" content=\"summary_large_image\" \/>\n<script type=\"application\/ld+json\" class=\"yoast-schema-graph\">{\"@context\":\"https:\/\/schema.org\",\"@graph\":[{\"@type\":\"WebPage\",\"@id\":\"https:\/\/solarbikes.at\/impressum\/\",\"url\":\"https:\/\/solarbikes.at\/impressum\/\",\"name\":\"Impressum - SOLARBIKES - E-Bikesharing\",\"isPartOf\":{\"@id\":\"https:\/\/solarbikes.at\/#website\"},\"primaryImageOfPage\":{\"@id\":\"https:\/\/solarbikes.at\/impressum\/#primaryimage\"},\"image\":{\"@id\":\"https:\/\/solarbikes.at\/impressum\/#primaryimage\"},\"thumbnailUrl\":\"https:\/\/solarbikes.at\/wp-content\/uploads\/elementor\/thumbs\/mov-now-logo_solarbikes-oo7f05d7atss5m6h37vo5hni1e4inl6t3ltzhdn668.jpg\",\"datePublished\":\"2020-04-17T14:15:25+00:00\",\"dateModified\":\"2021-04-07T11:25:46+00:00\",\"breadcrumb\":{\"@id\":\"https:\/\/solarbikes.at\/impressum\/#breadcrumb\"},\"inLanguage\":\"en-GB\",\"potentialAction\":[{\"@type\":\"ReadAction\",\"target\":[\"https:\/\/solarbikes.at\/impressum\/\"]}]},{\"@type\":\"ImageObject\",\"inLanguage\":\"en-GB\",\"@id\":\"https:\/\/solarbikes.at\/impressum\/#primaryimage\",\"url\":\"https:\/\/solarbikes.at\/wp-content\/uploads\/elementor\/thumbs\/mov-now-logo_solarbikes-oo7f05d7atss5m6h37vo5hni1e4inl6t3ltzhdn668.jpg\",\"contentUrl\":\"https:\/\/solarbikes.at\/wp-content\/uploads\/elementor\/thumbs\/mov-now-logo_solarbikes-oo7f05d7atss5m6h37vo5hni1e4inl6t3ltzhdn668.jpg\"},{\"@type\":\"BreadcrumbList\",\"@id\":\"https:\/\/solarbikes.at\/impressum\/#breadcrumb\",\"itemListElement\":[{\"@type\":\"ListItem\",\"position\":1,\"name\":\"Home\",\"item\":\"https:\/\/solarbikes.at\/\"},{\"@type\":\"ListItem\",\"position\":2,\"name\":\"Impressum\"}]},{\"@type\":\"WebSite\",\"@id\":\"https:\/\/solarbikes.at\/#website\",\"url\":\"https:\/\/solarbikes.at\/\",\"name\":\"SOLARBIKES - E-Bikesharing\",\"description\":\"E-Bike-Sharing als Mobilit\u00e4tsl\u00f6sung f\u00fcr Unternehmen, St\u00e4dte und Gemeinden\",\"publisher\":{\"@id\":\"https:\/\/solarbikes.at\/#organization\"},\"potentialAction\":[{\"@type\":\"SearchAction\",\"target\":{\"@type\":\"EntryPoint\",\"urlTemplate\":\"https:\/\/solarbikes.at\/?s={search_term_string}\"},\"query-input\":{\"@type\":\"PropertyValueSpecification\",\"valueRequired\":true,\"valueName\":\"search_term_string\"}}],\"inLanguage\":\"en-GB\"},{\"@type\":\"Organization\",\"@id\":\"https:\/\/solarbikes.at\/#organization\",\"name\":\"SOLARBIKES - E-Bikesharing\",\"url\":\"https:\/\/solarbikes.at\/\",\"logo\":{\"@type\":\"ImageObject\",\"inLanguage\":\"en-GB\",\"@id\":\"https:\/\/solarbikes.at\/#\/schema\/logo\/image\/\",\"url\":\"https:\/\/solarbikes.at\/wp-content\/uploads\/2020\/04\/cropped-solarbikes-fat-logo-ebikesharing.png\",\"contentUrl\":\"https:\/\/solarbikes.at\/wp-content\/uploads\/2020\/04\/cropped-solarbikes-fat-logo-ebikesharing.png\",\"width\":1000,\"height\":274,\"caption\":\"SOLARBIKES - E-Bikesharing\"},\"image\":{\"@id\":\"https:\/\/solarbikes.at\/#\/schema\/logo\/image\/\"}}]}<\/script>\n<!-- \/ Yoast SEO plugin. -->","yoast_head_json":{"title":"Impressum - SOLARBIKES - E-Bikesharing","robots":{"index":"index","follow":"follow","max-snippet":"max-snippet:-1","max-image-preview":"max-image-preview:large","max-video-preview":"max-video-preview:-1"},"canonical":"https:\/\/solarbikes.at\/en\/impressum\/","og_locale":"en_GB","og_type":"article","og_title":"Impressum - SOLARBIKES - E-Bikesharing","og_description":"Kontakt &amp; Impressum ARGE mov-e-now UG (haftungsbeschr\u00e4nkt) Hilber Solar Infra GmbH Leopoldstra\u00dfe 42A-6020 Innsbruckinfo (@) solarbikes.at+43 681 10339650 WE MOVE NOW realisiert seit \u00fcber 4 Jahren vision\u00e4re Projekte gr\u00fcner Mobilit\u00e4t. Hilber Solar entwickelt und vertreibt weltweit seit 30 Jahren innovative Photovoltaik-Produkte.","og_url":"https:\/\/solarbikes.at\/en\/impressum\/","og_site_name":"SOLARBIKES - E-Bikesharing","article_modified_time":"2021-04-07T11:25:46+00:00","og_image":[{"url":"https:\/\/solarbikes.at\/wp-content\/uploads\/elementor\/thumbs\/mov-now-logo_solarbikes-oo7f05d7atss5m6h37vo5hni1e4inl6t3ltzhdn668.jpg","type":"","width":"","height":""}],"twitter_card":"summary_large_image","schema":{"@context":"https:\/\/schema.org","@graph":[{"@type":"WebPage","@id":"https:\/\/solarbikes.at\/impressum\/","url":"https:\/\/solarbikes.at\/impressum\/","name":"Impressum - SOLARBIKES - E-Bikesharing","isPartOf":{"@id":"https:\/\/solarbikes.at\/#website"},"primaryImageOfPage":{"@id":"https:\/\/solarbikes.at\/impressum\/#primaryimage"},"image":{"@id":"https:\/\/solarbikes.at\/impressum\/#primaryimage"},"thumbnailUrl":"https:\/\/solarbikes.at\/wp-content\/uploads\/elementor\/thumbs\/mov-now-logo_solarbikes-oo7f05d7atss5m6h37vo5hni1e4inl6t3ltzhdn668.jpg","datePublished":"2020-04-17T14:15:25+00:00","dateModified":"2021-04-07T11:25:46+00:00","breadcrumb":{"@id":"https:\/\/solarbikes.at\/impressum\/#breadcrumb"},"inLanguage":"en-GB","potentialAction":[{"@type":"ReadAction","target":["https:\/\/solarbikes.at\/impressum\/"]}]},{"@type":"ImageObject","inLanguage":"en-GB","@id":"https:\/\/solarbikes.at\/impressum\/#primaryimage","url":"https:\/\/solarbikes.at\/wp-content\/uploads\/elementor\/thumbs\/mov-now-logo_solarbikes-oo7f05d7atss5m6h37vo5hni1e4inl6t3ltzhdn668.jpg","contentUrl":"https:\/\/solarbikes.at\/wp-content\/uploads\/elementor\/thumbs\/mov-now-logo_solarbikes-oo7f05d7atss5m6h37vo5hni1e4inl6t3ltzhdn668.jpg"},{"@type":"BreadcrumbList","@id":"https:\/\/solarbikes.at\/impressum\/#breadcrumb","itemListElement":[{"@type":"ListItem","position":1,"name":"Home","item":"https:\/\/solarbikes.at\/"},{"@type":"ListItem","position":2,"name":"Impressum"}]},{"@type":"WebSite","@id":"https:\/\/solarbikes.at\/#website","url":"https:\/\/solarbikes.at\/","name":"SOLARBIKES - E-Bikesharing","description":"E-Bike-Sharing als Mobilit\u00e4tsl\u00f6sung f\u00fcr Unternehmen, St\u00e4dte und Gemeinden","publisher":{"@id":"https:\/\/solarbikes.at\/#organization"},"potentialAction":[{"@type":"SearchAction","target":{"@type":"EntryPoint","urlTemplate":"https:\/\/solarbikes.at\/?s={search_term_string}"},"query-input":{"@type":"PropertyValueSpecification","valueRequired":true,"valueName":"search_term_string"}}],"inLanguage":"en-GB"},{"@type":"Organization","@id":"https:\/\/solarbikes.at\/#organization","name":"SOLARBIKES - E-Bikesharing","url":"https:\/\/solarbikes.at\/","logo":{"@type":"ImageObject","inLanguage":"en-GB","@id":"https:\/\/solarbikes.at\/#\/schema\/logo\/image\/","url":"https:\/\/solarbikes.at\/wp-content\/uploads\/2020\/04\/cropped-solarbikes-fat-logo-ebikesharing.png","contentUrl":"https:\/\/solarbikes.at\/wp-content\/uploads\/2020\/04\/cropped-solarbikes-fat-logo-ebikesharing.png","width":1000,"height":274,"caption":"SOLARBIKES - E-Bikesharing"},"image":{"@id":"https:\/\/solarbikes.at\/#\/schema\/logo\/image\/"}}]}},"_links":{"self":[{"href":"https:\/\/solarbikes.at\/en\/wp-json\/wp\/v2\/pages\/89"}],"collection":[{"href":"https:\/\/solarbikes.at\/en\/wp-json\/wp\/v2\/pages"}],"about":[{"href":"https:\/\/solarbikes.at\/en\/wp-json\/wp\/v2\/types\/page"}],"author":[{"embeddable":true,"href":"https:\/\/solarbikes.at\/en\/wp-json\/wp\/v2\/users\/1"}],"replies":[{"embeddable":true,"href":"https:\/\/solarbikes.at\/en\/wp-json\/wp\/v2\/comments?post=89"}],"version-history":[{"count":11,"href":"https:\/\/solarbikes.at\/en\/wp-json\/wp\/v2\/pages\/89\/revisions"}],"predecessor-version":[{"id":301,"href":"https:\/\/solarbikes.at\/en\/wp-json\/wp\/v2\/pages\/89\/revisions\/301"}],"wp:attachment":[{"href":"https:\/\/solarbikes.at\/en\/wp-json\/wp\/v2\/media?parent=89"}],"curies":[{"name":"wp","href":"https:\/\/api.w.org\/{rel}","templated":true}]}}